{"id":257,"date":"2024-10-17T18:17:37","date_gmt":"2024-10-17T18:17:37","guid":{"rendered":"https:\/\/rogac-gradnje.si\/?page_id=257"},"modified":"2025-11-18T17:02:53","modified_gmt":"2025-11-18T17:02:53","slug":"kanalete-in-mulde","status":"publish","type":"page","link":"https:\/\/rogac-gradnje.si\/de\/kanalete-in-mulde\/","title":{"rendered":"KANALETTEN, MULDEN UND GARAGENABL\u00c4UFE"},"content":{"rendered":"<div class=\"wp-block-columns is-layout-flex wp-container-core-columns-is-layout-9d6595d7 wp-block-columns-is-layout-flex\">\n<div class=\"wp-block-column is-layout-flow wp-block-column-is-layout-flow\" style=\"flex-basis:33.33%\">\n<figure data-wp-context=\"{&quot;imageId&quot;:&quot;69e517a2769b2&quot;}\" data-wp-interactive=\"core\/image\" data-wp-key=\"69e517a2769b2\" class=\"wp-block-image size-full wp-lightbox-container\"><img fetchpriority=\"high\" decoding=\"async\" width=\"1689\" height=\"2400\" data-wp-class--hide=\"state.isContentHidden\" data-wp-class--show=\"state.isContentVisible\" data-wp-init=\"callbacks.setButtonStyles\" data-wp-on--click=\"actions.showLightbox\" data-wp-on--load=\"callbacks.setButtonStyles\" data-wp-on-window--resize=\"callbacks.setButtonStyles\" src=\"https:\/\/rogac-gradnje.si\/wp-content\/uploads\/2024\/11\/betonska_kanaleta_3.png\" alt=\"\" class=\"wp-image-423\" srcset=\"https:\/\/rogac-gradnje.si\/wp-content\/uploads\/2024\/11\/betonska_kanaleta_3.png 1689w, https:\/\/rogac-gradnje.si\/wp-content\/uploads\/2024\/11\/betonska_kanaleta_3-211x300.png 211w, https:\/\/rogac-gradnje.si\/wp-content\/uploads\/2024\/11\/betonska_kanaleta_3-721x1024.png 721w, https:\/\/rogac-gradnje.si\/wp-content\/uploads\/2024\/11\/betonska_kanaleta_3-768x1091.png 768w, https:\/\/rogac-gradnje.si\/wp-content\/uploads\/2024\/11\/betonska_kanaleta_3-1081x1536.png 1081w, https:\/\/rogac-gradnje.si\/wp-content\/uploads\/2024\/11\/betonska_kanaleta_3-1441x2048.png 1441w, https:\/\/rogac-gradnje.si\/wp-content\/uploads\/2024\/11\/betonska_kanaleta_3-8x12.png 8w\" sizes=\"(max-width: 1689px) 100vw, 1689px\" \/><button\n\t\t\tclass=\"lightbox-trigger\"\n\t\t\ttype=\"button\"\n\t\t\taria-haspopup=\"dialog\"\n\t\t\taria-label=\"Vergr\u00f6\u00dfern\"\n\t\t\tdata-wp-init=\"callbacks.initTriggerButton\"\n\t\t\tdata-wp-on--click=\"actions.showLightbox\"\n\t\t\tdata-wp-style--right=\"state.imageButtonRight\"\n\t\t\tdata-wp-style--top=\"state.imageButtonTop\"\n\t\t>\n\t\t\t<svg xmlns=\"http:\/\/www.w3.org\/2000\/svg\" width=\"12\" height=\"12\" fill=\"none\" viewbox=\"0 0 12 12\">\n\t\t\t\t<path fill=\"#fff\" d=\"M2 0a2 2 0 0 0-2 2v2h1.5V2a.5.5 0 0 1 .5-.5h2V0H2Zm2 10.5H2a.5.5 0 0 1-.5-.5V8H0v2a2 2 0 0 0 2 2h2v-1.5ZM8 12v-1.5h2a.5.5 0 0 0 .5-.5V8H12v2a2 2 0 0 1-2 2H8Zm2-12a2 2 0 0 1 2 2v2h-1.5V2a.5.5 0 0 0-.5-.5H8V0h2Z\" \/>\n\t\t\t<\/svg>\n\t\t<\/button><\/figure>\n<\/div>\n\n\n\n<div class=\"wp-block-column is-layout-flow wp-block-column-is-layout-flow\" style=\"flex-basis:66.66%\">\n<p><strong>Betoncanaletten<\/strong><\/p>\n\n\n\n<ul class=\"wp-block-list\">\n<li>Die Betoncanalette wird aus Gussbeton mit Bewehrung hergestellt. Sie ist f\u00fcr die Ableitung von Oberfl\u00e4chenwasser bestimmt. <\/li>\n\n\n\n<li>Die Abmessungen der Betoncanalette (au\u00dfen) sind 100 cm (L\u00e4nge), 60 cm (Breite oben), 32 cm (Breite unten) und 25 cm (H\u00f6he).<\/li>\n\n\n\n<li>Wir stellen auch Canaletten mit einer L\u00e4nge von 0,8 m her.<\/li>\n<\/ul>\n<\/div>\n<\/div>\n\n\n\n<div class=\"wp-block-columns is-layout-flex wp-container-core-columns-is-layout-9d6595d7 wp-block-columns-is-layout-flex\">\n<div class=\"wp-block-column is-layout-flow wp-block-column-is-layout-flow\">\n<hr class=\"wp-block-separator has-alpha-channel-opacity is-style-wide\"\/>\n<\/div>\n<\/div>\n\n\n\n<div class=\"wp-block-columns is-layout-flex wp-container-core-columns-is-layout-9d6595d7 wp-block-columns-is-layout-flex\">\n<div class=\"wp-block-column is-layout-flow wp-block-column-is-layout-flow\" style=\"flex-basis:33.33%\">\n<figure data-wp-context=\"{&quot;imageId&quot;:&quot;69e517a2790d0&quot;}\" data-wp-interactive=\"core\/image\" data-wp-key=\"69e517a2790d0\" class=\"wp-block-image size-large wp-lightbox-container\"><img decoding=\"async\" width=\"1024\" height=\"737\" data-wp-class--hide=\"state.isContentHidden\" data-wp-class--show=\"state.isContentVisible\" data-wp-init=\"callbacks.setButtonStyles\" data-wp-on--click=\"actions.showLightbox\" data-wp-on--load=\"callbacks.setButtonStyles\" data-wp-on-window--resize=\"callbacks.setButtonStyles\" src=\"https:\/\/rogac-gradnje.si\/wp-content\/uploads\/2024\/11\/mulda_3-1024x737.png\" alt=\"\" class=\"wp-image-421\" srcset=\"https:\/\/rogac-gradnje.si\/wp-content\/uploads\/2024\/11\/mulda_3-1024x737.png 1024w, https:\/\/rogac-gradnje.si\/wp-content\/uploads\/2024\/11\/mulda_3-300x216.png 300w, https:\/\/rogac-gradnje.si\/wp-content\/uploads\/2024\/11\/mulda_3-768x553.png 768w, https:\/\/rogac-gradnje.si\/wp-content\/uploads\/2024\/11\/mulda_3-1536x1106.png 1536w, https:\/\/rogac-gradnje.si\/wp-content\/uploads\/2024\/11\/mulda_3-2048x1475.png 2048w, https:\/\/rogac-gradnje.si\/wp-content\/uploads\/2024\/11\/mulda_3-18x12.png 18w\" sizes=\"(max-width: 1024px) 100vw, 1024px\" \/><button\n\t\t\tclass=\"lightbox-trigger\"\n\t\t\ttype=\"button\"\n\t\t\taria-haspopup=\"dialog\"\n\t\t\taria-label=\"Vergr\u00f6\u00dfern\"\n\t\t\tdata-wp-init=\"callbacks.initTriggerButton\"\n\t\t\tdata-wp-on--click=\"actions.showLightbox\"\n\t\t\tdata-wp-style--right=\"state.imageButtonRight\"\n\t\t\tdata-wp-style--top=\"state.imageButtonTop\"\n\t\t>\n\t\t\t<svg xmlns=\"http:\/\/www.w3.org\/2000\/svg\" width=\"12\" height=\"12\" fill=\"none\" viewbox=\"0 0 12 12\">\n\t\t\t\t<path fill=\"#fff\" d=\"M2 0a2 2 0 0 0-2 2v2h1.5V2a.5.5 0 0 1 .5-.5h2V0H2Zm2 10.5H2a.5.5 0 0 1-.5-.5V8H0v2a2 2 0 0 0 2 2h2v-1.5ZM8 12v-1.5h2a.5.5 0 0 0 .5-.5V8H12v2a2 2 0 0 1-2 2H8Zm2-12a2 2 0 0 1 2 2v2h-1.5V2a.5.5 0 0 0-.5-.5H8V0h2Z\" \/>\n\t\t\t<\/svg>\n\t\t<\/button><\/figure>\n<\/div>\n\n\n\n<div class=\"wp-block-column is-layout-flow wp-block-column-is-layout-flow\" style=\"flex-basis:66.66%\">\n<p><strong>Mulde<\/strong><\/p>\n\n\n\n<ul class=\"wp-block-list\">\n<li>Eine Mulde wird aus Gussbeton hergestellt. Sie ist f\u00fcr die Ableitung des Oberfl\u00e4chenwassers von kleinen Fl\u00e4chen vorgesehen. <\/li>\n\n\n\n<li>Die (\u00e4u\u00dferen) Abmessungen der Mulde sind: 50 cm (L\u00e4nge), 42 cm (Breite) und 7 cm (H\u00f6he in der Mitte), 10 cm (an den R\u00e4ndern).<\/li>\n<\/ul>\n<\/div>\n<\/div>\n\n\n\n<div class=\"wp-block-columns is-layout-flex wp-container-core-columns-is-layout-9d6595d7 wp-block-columns-is-layout-flex\">\n<div class=\"wp-block-column is-layout-flow wp-block-column-is-layout-flow\">\n<hr class=\"wp-block-separator has-alpha-channel-opacity is-style-wide\"\/>\n\n\n\n<div class=\"wp-block-columns is-layout-flex wp-container-core-columns-is-layout-9d6595d7 wp-block-columns-is-layout-flex\">\n<div class=\"wp-block-column is-layout-flow wp-block-column-is-layout-flow\" style=\"flex-basis:33.33%\">\n<style id=\"bwg-style-0\">  #bwg_container1_0 {    display: table;\t\/*visibility: hidden;*\/  }  #bwg_container1_0 * {\t  -moz-user-select: none;\t  -khtml-user-select: none;\t  -webkit-user-select: none;\t  -ms-user-select: none;\t  user-select: none;  }  #bwg_container1_0 #bwg_container2_0 .bwg_slideshow_image_wrap_0 {\t  background-color: #F2F2F2;\t  width: 800px;\t  height: 500px;  }  #bwg_container1_0 #bwg_container2_0 .bwg_slideshow_image_0 {\t  max-width: 800px;\t  max-height: 500px;  }  #bwg_container1_0 #bwg_container2_0 .bwg_slideshow_embed_0 {    width: 800px;    height: 500px;  }  #bwg_container1_0 #bwg_container2_0 #bwg_slideshow_play_pause_0 {\t  background: transparent url(\"https:\/\/rogac-gradnje.si\/wp-content\/plugins\/photo-gallery\/images\/blank.gif\") repeat scroll 0 0;  }  #bwg_container1_0 #bwg_container2_0 #bwg_slideshow_play_pause-ico_0 {    color: #D6D6D6;    font-size: 35px;  }  #bwg_container1_0 #bwg_container2_0 #bwg_slideshow_play_pause-ico_0:hover {\t  color: #BABABA;  }  #bwg_container1_0 #bwg_container2_0 #spider_slideshow_left_0,  #bwg_container1_0 #bwg_container2_0 #spider_slideshow_right_0 {\t  background: transparent url(\"https:\/\/rogac-gradnje.si\/wp-content\/plugins\/photo-gallery\/images\/blank.gif\") repeat scroll 0 0;  }  #bwg_container1_0 #bwg_container2_0 #spider_slideshow_left-ico_0,  #bwg_container1_0 #bwg_container2_0 #spider_slideshow_right-ico_0 {\t  background-color: #FFFFFF;\t  border-radius: 20px;\t  border: 0px none #FFFFFF;\t  box-shadow: ;\t  color: #D6D6D6;\t  height: 37px;\t  font-size: 12px;\t  width: 37px;\t  opacity: 1.00;  }  #bwg_container1_0 #bwg_container2_0 #spider_slideshow_left-ico_0:hover,  #bwg_container1_0 #bwg_container2_0 #spider_slideshow_right-ico_0:hover {\t  color: #BABABA;  }      #spider_slideshow_left-ico_0{      left: -9999px;    }    #spider_slideshow_right-ico_0{      left: -9999px;    }      #bwg_container1_0 #bwg_container2_0 .bwg_slideshow_image_container_0 {\t  bottom: 0px;\t  width: 800px;\t  height: 500px;\t}\t#bwg_container1_0 #bwg_container2_0 .bwg_slideshow_filmstrip_container_0 {\t  display: table;\t  height: 0px;\t  width: 800px;\t  bottom: 0;  }  \/* Filmstrip dimension *\/  #bwg_container1_0 #bwg_container2_0 .bwg_slideshow_filmstrip_0 {\t  left: 20px;\t  width: 760px;\t  \/*z-index: 10106;*\/  }  #bwg_container1_0 #bwg_container2_0 .bwg_slideshow_filmstrip_thumbnails_0 {    left: 0px;    width: 4px;    height: 0px;  }  #bwg_container1_0 #bwg_container2_0 .bwg_slideshow_filmstrip_thumbnail_0 {    width: 0px;    height: 0px;    margin: 0px 2px 0 0 ;    border: 0px none #000000;    border-radius: 0;  }  #bwg_container1_0 #bwg_container2_0 .bwg_slideshow_thumb_active_0 {\t  border: 0px solid #FFFFFF;  }  #bwg_container1_0 #bwg_container2_0 .bwg_slideshow_thumb_deactive_0 {    opacity: 1.00;  }  #bwg_container1_0 #bwg_container2_0 .bwg_slideshow_filmstrip_left_0,  #bwg_container1_0 #bwg_container2_0 .bwg_slideshow_filmstrip_left_disabled_0 {\t  background-color: #F2F2F2;\t  display: table-cell;\t  width: 20px;\t  left: 0;\t  \t    }  #bwg_container1_0 #bwg_container2_0 .bwg_slideshow_filmstrip_right_0,  #bwg_container1_0 #bwg_container2_0 .bwg_slideshow_filmstrip_right_disabled_0 {\t  background-color: #F2F2F2;    display: table-cell;    right: 0;\t  width: 20px;\t  \t    }  #bwg_container1_0 #bwg_container2_0 .bwg_slideshow_filmstrip_left_0 i,  #bwg_container1_0 #bwg_container2_0 .bwg_slideshow_filmstrip_right_0 i,  #bwg_container1_0 #bwg_container2_0 .bwg_slideshow_filmstrip_left_disabled_0 i,  #bwg_container1_0 #bwg_container2_0 .bwg_slideshow_filmstrip_right_disabled_0 i {\t  color: #BABABA;\t  font-size: 20px;  }  #bwg_container1_0 #bwg_container2_0 .bwg_slideshow_filmstrip_left_0 {    display: none;  }  #bwg_container1_0 #bwg_container2_0 .bwg_slideshow_filmstrip_left_disabled_0,  #bwg_container1_0 #bwg_container2_0 .bwg_slideshow_filmstrip_right_disabled_0 {    display: none;    opacity: 0.3;  }  #bwg_container1_0 #bwg_container2_0 .bwg_slideshow_filmstrip_left_disabled_0 {    display: table-cell;  }  #bwg_container1_0 #bwg_container2_0 .bwg_slideshow_watermark_spun_0 {\t  text-align: right;\t  vertical-align: bottom;  }  #bwg_container1_0 #bwg_container2_0 .bwg_slideshow_title_spun_0 {\t  text-align: right;\t  vertical-align: top;  }  #bwg_container1_0 #bwg_container2_0 .bwg_slideshow_description_spun_0 {\t  text-align: right;\t  vertical-align: bottom;  }  #bwg_container1_0 #bwg_container2_0 .bwg_slideshow_watermark_image_0 {\t  max-height: 90px;\t  max-width: 90px;\t  opacity: 0.30;  }  #bwg_container1_0 #bwg_container2_0 .bwg_slideshow_watermark_text_0,  #bwg_container1_0 #bwg_container2_0 .bwg_slideshow_watermark_text_0:hover {\t  text-decoration: none;\t  margin: 4px;\t  position: relative;\t  z-index: 15;  }  #bwg_container1_0 #bwg_container2_0 .bwg_slideshow_title_text_0 {\t  font-size: 16px;\t  font-family: Ubuntu;\t  color: #FFFFFF !important;\t  opacity: 0.70;    border-radius: 5px;\t  background-color: #000000;\t  padding: 0 0 0 0;\t  \t\tmargin: 5px;\t  \t    }  #bwg_container1_0 #bwg_container2_0 .bwg_slideshow_description_text_0 {\t  font-size: 14px;\t  font-family: Ubuntu;\t  color: #FFFFFF !important;\t  opacity: 0.70;    border-radius: 0;\t  background-color: #000000;\t  padding: 5px 10px 5px 10px;\t  bottom:16px;  }  #bwg_container1_0 #bwg_container2_0 .bwg_slideshow_description_text_0 * {\ttext-decoration: none;\tcolor: #FFFFFF !important;  }  #bwg_container1_0 #bwg_container2_0 .bwg_slideshow_dots_0 {\t  width: 12px;\t  height: 12px;\t  border-radius: 5px;\t  background: #F2D22E;\t  margin: 3px;  }  #bwg_container1_0 #bwg_container2_0 .bwg_slideshow_dots_container_0 {\t  width: 800px;\t  bottom: 0;  }  #bwg_container1_0 #bwg_container2_0 .bwg_slideshow_dots_thumbnails_0 {\t  height: 18px;\t  width: 36px;  }  #bwg_container1_0 #bwg_container2_0 .bwg_slideshow_dots_active_0 {\t  background: #FFFFFF;\t  border: 1px solid #000000;  }  <\/style>    <div id=\"bwg_container1_0\"         class=\"bwg_container bwg_thumbnail bwg_slideshow\"         data-right-click-protection=\"0\"         data-bwg=\"0\"         data-scroll=\"0\"         data-gallery-type=\"slideshow\"         data-gallery-view-type=\"slideshow\"         data-current-url=\"\/de\/wp-json\/wp\/v2\/pages\/257\"         data-lightbox-url=\"https:\/\/rogac-gradnje.si\/wp-admin\/admin-ajax.php?action=GalleryBox&#038;current_view=0&#038;gallery_id=13&#038;tag=0&#038;theme_id=1&#038;shortcode_id=39&#038;sort_by=order&#038;order_by=asc&#038;current_url=%2Fde%2Fwp-json%2Fwp%2Fv2%2Fpages%2F257\"         data-gallery-id=\"13\"         data-popup-width=\"800\"         data-popup-height=\"500\"         data-is-album=\"gallery\"         data-buttons-position=\"bottom\">      <div id=\"bwg_container2_0\">             <div id=\"ajax_loading_0\" class=\"bwg_loading_div_1\">      <div class=\"bwg_loading_div_2\">        <div class=\"bwg_loading_div_3\">          <div id=\"loading_div_0\" class=\"bwg_spider_ajax_loading\">          <\/div>        <\/div>      <\/div>    <\/div>            <form id=\"gal_front_form_0\"              class=\"bwg-hidden\"              method=\"post\"              action=\"#\"              data-current=\"0\"              data-shortcode-id=\"39\"              data-gallery-type=\"slideshow\"              data-gallery-id=\"13\"              data-tag=\"0\"              data-album-id=\"0\"              data-theme-id=\"1\"              data-ajax-url=\"https:\/\/rogac-gradnje.si\/wp-admin\/admin-ajax.php?action=bwg_frontend_data\" data-trp-original-action=\"#\">          <div id=\"bwg_container3_0\" class=\"bwg-background bwg-background-0\">              <div class=\"bwg_slideshow_image_wrap_0 bwg-slideshow-images-wrapper bwg-container\"       data-bwg=\"0\"       data-lightbox-url=\"https:\/\/rogac-gradnje.si\/wp-admin\/admin-ajax.php?action=GalleryBox&#038;current_view=0&#038;gallery_id=13&#038;tag=0&#038;theme_id=1&#038;shortcode_id=39&#038;sort_by=order&#038;order_by=asc&#038;current_url=%2Fde%2Fwp-json%2Fwp%2Fv2%2Fpages%2F257\">          <div class=\"bwg_slideshow_dots_container_0\">        <div class=\"bwg_slideshow_dots_thumbnails_0\">                      <span id=\"bwg_dots_0_0\" class=\"bwg_slideshow_dots_0 bwg_slideshow_dots_active_0\" onclick=\"bwg_change_image(parseInt(jQuery('#bwg_current_image_key_0').val()), '0', '', '', 0)\" image_id=\"41\" image_key=\"0\"><\/span>                        <span id=\"bwg_dots_1_0\" class=\"bwg_slideshow_dots_0 bwg_slideshow_dots_deactive_0\" onclick=\"bwg_change_image(parseInt(jQuery('#bwg_current_image_key_0').val()), '1', '', '', 0)\" image_id=\"42\" image_key=\"1\"><\/span>                    <\/div>      <\/div>          <div id=\"bwg_slideshow_image_container_0\"         class=\"bwg_slideshow_image_container_0\"         data-params='{&quot;bwg_source&quot;:&quot;slider&quot;,&quot;bwg_current_key&quot;:&quot;&quot;,&quot;bwg_transition_duration&quot;:100,&quot;bwg_trans_in_progress&quot;:false,&quot;data&quot;:[{&quot;id&quot;:&quot;41&quot;,&quot;alt&quot;:&quot;odtok&quot;,&quot;description&quot;:&quot;&quot;,&quot;filetype&quot;:&quot;png&quot;,&quot;filename&quot;:&quot;odtok&quot;,&quot;image_url&quot;:&quot;\\\/imported_from_media_libray\\\/odtok.png?bwg=1763485312&quot;,&quot;thumb_url&quot;:&quot;\\\/imported_from_media_libray\\\/thumb\\\/odtok.png?bwg=1763485312&quot;,&quot;redirect_url&quot;:&quot;&quot;,&quot;date&quot;:&quot;2025-11-18 17:01:49&quot;,&quot;is_embed&quot;:false,&quot;is_embed_video&quot;:false,&quot;image_width&quot;:&quot;1072&quot;,&quot;image_height&quot;:&quot;1200&quot;,&quot;thumb_width&quot;:&quot;447.00&quot;,&quot;thumb_height&quot;:&quot;500.00&quot;},{&quot;id&quot;:&quot;42&quot;,&quot;alt&quot;:&quot;odtok 1&quot;,&quot;description&quot;:&quot;&quot;,&quot;filetype&quot;:&quot;PNG&quot;,&quot;filename&quot;:&quot;odtok_1&quot;,&quot;image_url&quot;:&quot;\\\/odtok_1.png?bwg=1763485345&quot;,&quot;thumb_url&quot;:&quot;\\\/thumb\\\/odtok_1.png?bwg=1763485345&quot;,&quot;redirect_url&quot;:&quot;&quot;,&quot;date&quot;:&quot;2025-11-18 17:02:13&quot;,&quot;is_embed&quot;:false,&quot;is_embed_video&quot;:false,&quot;thumb_width&quot;:&quot;500.00&quot;,&quot;thumb_height&quot;:&quot;267.00&quot;}],&quot;width_or_height&quot;:&quot;width&quot;,&quot;filmstrip_thumb_margin_hor&quot;:2,&quot;left_or_top&quot;:&quot;left&quot;,&quot;outerWidth_or_outerHeight&quot;:&quot;outerWidth&quot;,&quot;enable_slideshow_shuffle&quot;:&quot;0&quot;,&quot;lightbox_filmstrip_thumb_border_width&quot;:&quot;1&quot;,&quot;thumb_click_action&quot;:&quot;open_lightbox&quot;,&quot;thumb_link_target&quot;:&quot;1&quot;,&quot;upload_url&quot;:&quot;https:\\\/\\\/rogac-gradnje.si\\\/wp-content\\\/uploads\\\/photo-gallery&quot;,&quot;preload_images&quot;:&quot;1&quot;,&quot;slideshow_effect&quot;:&quot;fade&quot;,&quot;event_stack&quot;:&quot;&quot;,&quot;preload_images_count&quot;:10,&quot;image_width&quot;:&quot;800&quot;,&quot;image_height&quot;:&quot;500&quot;,&quot;thumb_width&quot;:&quot;250&quot;,&quot;thumb_height&quot;:&quot;140&quot;,&quot;filmstrip_direction&quot;:&quot;horizontal&quot;,&quot;slideshow_filmstrip_type&quot;:&quot;0&quot;,&quot;slideshow_thumbnails_count&quot;:&quot;5&quot;,&quot;slideshow_filmstrip_width&quot;:0,&quot;slideshow_filmstrip_height&quot;:0,&quot;slideshow_filmstrip_rl_btn_size&quot;:&quot;20&quot;,&quot;slideshow_play_pause_btn_size&quot;:&quot;35&quot;,&quot;watermark_type&quot;:90,&quot;watermark_height&quot;:90,&quot;watermark_font_size&quot;:12,&quot;slideshow_title_font_size&quot;:&quot;16&quot;,&quot;slideshow_description_font_size&quot;:&quot;14&quot;,&quot;bwg_playInterval&quot;:&quot;&quot;,&quot;slideshow_interval&quot;:5,&quot;image_right_click&quot;:&quot;0&quot;,&quot;enable_slideshow_autoplay&quot;:&quot;0&quot;,&quot;enable_slideshow_music&quot;:&quot;0&quot;,&quot;bwg_current_filmstrip_pos&quot;:0}'         data-filmstrip-position=\"bottom\"         data-filmstrip-size=\"0\">      <div class=\"bwg_slide_container_0\">        <div class=\"bwg_slide_bg_0\">          <div class=\"bwg_slider_0\">                            <span class=\"bwg_slideshow_image_spun_0\" id=\"image_id_0_41\">                    <span class=\"bwg_slideshow_image_spun1_0\">                      <span class=\"bwg_slideshow_image_spun2_0\">                                                  <a  class=\"bwg-a bwg_lightbox\" href=\"https:\/\/rogac-gradnje.si\/wp-content\/uploads\/photo-gallery\/imported_from_media_libray\/odtok.png?bwg=1763485312\" data-image-id=\"41\" data-elementor-open-lightbox=\"no\">                          <img decoding=\"async\" id=\"bwg_slideshow_image_0\"                               class=\"skip-lazy bwg_slide bwg_slideshow_image_0\"                               src=\"https:\/\/rogac-gradnje.si\/wp-content\/uploads\/photo-gallery\/imported_from_media_libray\/odtok.png?bwg=1763485312\"                               data-src=\"https:\/\/rogac-gradnje.si\/wp-content\/uploads\/photo-gallery\/imported_from_media_libray\/odtok.png?bwg=1763485312\"                               image_id=\"41\"                               alt=\"odtok\" \/>                          <\/a>                                                <\/span>                    <\/span>                  <\/span>                <span class=\"bwg_slideshow_image_second_spun_0\">                  <\/span>                <input type=\"hidden\" id=\"bwg_current_image_key_0\" value=\"0\" \/>                          <\/div>        <\/div>      <\/div>          <\/div>      <\/div>            <\/div>        <input type=\"hidden\" name=\"trp-form-language\" value=\"de\"\/><\/form>        <style>          #bwg_container1_0 #bwg_container2_0 #spider_popup_overlay_0 {          background-color: #EEEEEE;          opacity: 0.60;          }          <\/style>        <div id=\"bwg_spider_popup_loading_0\" class=\"bwg_spider_popup_loading\"><\/div>        <div id=\"spider_popup_overlay_0\" class=\"spider_popup_overlay\" onclick=\"spider_destroypopup(1000)\"><\/div>        <input type=\"hidden\" id=\"bwg_random_seed_0\" value=\"2141080119\">                <\/div>    <\/div>    <script>      if (document.readyState === 'complete') {        if( typeof bwg_main_ready == 'function' ) {          if ( jQuery(\"#bwg_container1_0\").height() ) {            bwg_main_ready(jQuery(\"#bwg_container1_0\"));          }        }      } else {        document.addEventListener('DOMContentLoaded', function() {          if( typeof bwg_main_ready == 'function' ) {            if ( jQuery(\"#bwg_container1_0\").height() ) {             bwg_main_ready(jQuery(\"#bwg_container1_0\"));            }          }        });      }    <\/script>    \n<\/div>\n\n\n\n<div class=\"wp-block-column is-layout-flow wp-block-column-is-layout-flow\" style=\"flex-basis:66.66%\">\n<p><strong>Garagenablauf<\/strong><\/p>\n\n\n\n<ul class=\"wp-block-list\">\n<li>Die Abfl\u00fcsse bestehen aus Stahlbeton mit Armierung. Sie dienen zur Ableitung von Oberfl\u00e4chenwasser.<\/li>\n\n\n\n<li>Die Abflussma\u00dfe sind (au\u00dfen): 100 cm (L\u00e4nge), 30 cm (Breite unten) \/ 28 cm (Breite oben) und 20 cm (H\u00f6he).&nbsp;<\/li>\n\n\n\n<li>Wir decken sie mit H-Druckrohren oder Metallgittern (Breite 20 cm und H\u00f6he 5 cm) ab.<\/li>\n\n\n\n<li>Meistens werden sie vor der Garage abgestellt. Auch die Wartung und Reinigung ist einfach und praktisch.<\/li>\n<\/ul>\n<\/div>\n<\/div>\n<\/div>\n<\/div>\n\n\n\n<div class=\"wp-block-columns is-layout-flex wp-container-core-columns-is-layout-9d6595d7 wp-block-columns-is-layout-flex\">\n<div class=\"wp-block-column is-layout-flow wp-block-column-is-layout-flow\" style=\"flex-basis:100%\">\n<hr class=\"wp-block-separator has-alpha-channel-opacity is-style-wide\"\/>\n<\/div>\n<\/div>\n\n\n\n<p><em><sub>Es ist m\u00f6glich, dass die Farbe der Bilder vom tats\u00e4chlichen Zustand der verschiedenen fotografischen Hilfsmittel abweicht.<\/sub><\/em><\/p>","protected":false},"excerpt":{"rendered":"<p>Betonska kanaleta Mulda Gara\u017eni odtok Mo\u017eno je, da slike barvno odstopajo od dejanskega stanja razli\u010dnih pripomo\u010dkov fotografiranja.<\/p>","protected":false},"author":1,"featured_media":0,"parent":0,"menu_order":0,"comment_status":"closed","ping_status":"closed","template":"","meta":{"footnotes":""},"class_list":["post-257","page","type-page","status-publish","hentry"],"_links":{"self":[{"href":"https:\/\/rogac-gradnje.si\/de\/wp-json\/wp\/v2\/pages\/257","targetHints":{"allow":["GET"]}}],"collection":[{"href":"https:\/\/rogac-gradnje.si\/de\/wp-json\/wp\/v2\/pages"}],"about":[{"href":"https:\/\/rogac-gradnje.si\/de\/wp-json\/wp\/v2\/types\/page"}],"author":[{"embeddable":true,"href":"https:\/\/rogac-gradnje.si\/de\/wp-json\/wp\/v2\/users\/1"}],"replies":[{"embeddable":true,"href":"https:\/\/rogac-gradnje.si\/de\/wp-json\/wp\/v2\/comments?post=257"}],"version-history":[{"count":13,"href":"https:\/\/rogac-gradnje.si\/de\/wp-json\/wp\/v2\/pages\/257\/revisions"}],"predecessor-version":[{"id":754,"href":"https:\/\/rogac-gradnje.si\/de\/wp-json\/wp\/v2\/pages\/257\/revisions\/754"}],"wp:attachment":[{"href":"https:\/\/rogac-gradnje.si\/de\/wp-json\/wp\/v2\/media?parent=257"}],"curies":[{"name":"wp","href":"https:\/\/api.w.org\/{rel}","templated":true}]}}