{"id":252,"date":"2024-10-17T18:16:26","date_gmt":"2024-10-17T18:16:26","guid":{"rendered":"https:\/\/rogac-gradnje.si\/?page_id=252"},"modified":"2025-02-23T14:30:32","modified_gmt":"2025-02-23T14:30:32","slug":"vinogradniski-steber-z-roko","status":"publish","type":"page","link":"https:\/\/rogac-gradnje.si\/de\/vinogradniski-steber-z-roko\/","title":{"rendered":"WEINBERGEPFOSTEN MIT ARM"},"content":{"rendered":"<div class=\"wp-block-columns is-layout-flex wp-container-core-columns-is-layout-9d6595d7 wp-block-columns-is-layout-flex\">\n<div class=\"wp-block-column is-layout-flow wp-block-column-is-layout-flow\" style=\"flex-basis:33.33%\">\n<figure data-wp-context=\"{&quot;imageId&quot;:&quot;69e7489768e9f&quot;}\" data-wp-interactive=\"core\/image\" data-wp-key=\"69e7489768e9f\" class=\"wp-block-image size-large wp-lightbox-container\"><img fetchpriority=\"high\" decoding=\"async\" width=\"342\" height=\"1024\" data-wp-class--hide=\"state.isContentHidden\" data-wp-class--show=\"state.isContentVisible\" data-wp-init=\"callbacks.setButtonStyles\" data-wp-on--click=\"actions.showLightbox\" data-wp-on--load=\"callbacks.setButtonStyles\" data-wp-on-window--resize=\"callbacks.setButtonStyles\" src=\"https:\/\/rogac-gradnje.si\/wp-content\/uploads\/2025\/01\/vinogradniski_steber_z_roko_5-342x1024.png\" alt=\"\" class=\"wp-image-682\" srcset=\"https:\/\/rogac-gradnje.si\/wp-content\/uploads\/2025\/01\/vinogradniski_steber_z_roko_5-342x1024.png 342w, https:\/\/rogac-gradnje.si\/wp-content\/uploads\/2025\/01\/vinogradniski_steber_z_roko_5-100x300.png 100w, https:\/\/rogac-gradnje.si\/wp-content\/uploads\/2025\/01\/vinogradniski_steber_z_roko_5-768x2299.png 768w, https:\/\/rogac-gradnje.si\/wp-content\/uploads\/2025\/01\/vinogradniski_steber_z_roko_5-513x1536.png 513w, https:\/\/rogac-gradnje.si\/wp-content\/uploads\/2025\/01\/vinogradniski_steber_z_roko_5-684x2048.png 684w, https:\/\/rogac-gradnje.si\/wp-content\/uploads\/2025\/01\/vinogradniski_steber_z_roko_5-4x12.png 4w, https:\/\/rogac-gradnje.si\/wp-content\/uploads\/2025\/01\/vinogradniski_steber_z_roko_5.png 1002w\" sizes=\"(max-width: 342px) 100vw, 342px\" \/><button\n\t\t\tclass=\"lightbox-trigger\"\n\t\t\ttype=\"button\"\n\t\t\taria-haspopup=\"dialog\"\n\t\t\taria-label=\"Vergr\u00f6\u00dfern\"\n\t\t\tdata-wp-init=\"callbacks.initTriggerButton\"\n\t\t\tdata-wp-on--click=\"actions.showLightbox\"\n\t\t\tdata-wp-style--right=\"state.imageButtonRight\"\n\t\t\tdata-wp-style--top=\"state.imageButtonTop\"\n\t\t>\n\t\t\t<svg xmlns=\"http:\/\/www.w3.org\/2000\/svg\" width=\"12\" height=\"12\" fill=\"none\" viewbox=\"0 0 12 12\">\n\t\t\t\t<path fill=\"#fff\" d=\"M2 0a2 2 0 0 0-2 2v2h1.5V2a.5.5 0 0 1 .5-.5h2V0H2Zm2 10.5H2a.5.5 0 0 1-.5-.5V8H0v2a2 2 0 0 0 2 2h2v-1.5ZM8 12v-1.5h2a.5.5 0 0 0 .5-.5V8H12v2a2 2 0 0 1-2 2H8Zm2-12a2 2 0 0 1 2 2v2h-1.5V2a.5.5 0 0 0-.5-.5H8V0h2Z\" \/>\n\t\t\t<\/svg>\n\t\t<\/button><\/figure>\n<\/div>\n\n\n\n<div class=\"wp-block-column is-layout-flow wp-block-column-is-layout-flow\" style=\"flex-basis:66.66%\">\n<p><strong>Der Weinbergepfosten mit Arm <\/strong>wird aus Gussbeton gefertigt.<\/p>\n\n\n\n<ul class=\"wp-block-list\">\n<li>Die Abmessungen des Pfostens sind wie folgt: unten 12 x 15 cm, oben 8 x 9 cm, L\u00e4nge des Arms 100 cm, L\u00e4nge des Pfostens zum Arm 320 cm.<\/li>\n\n\n\n<li>Die Bewehrung besteht aus Eisenrippenst\u00e4ben, Durchmesser 6 und Durchmesser 8.<\/li>\n\n\n\n<li>Die Pf\u00f6sten wird in einem Abstand von 3 Metern aufgestellt. <\/li>\n\n\n\n<li>Sie sind 80 cm tief in den Boden einzusetzen.<\/li>\n\n\n\n<li>Au\u00dferdem k\u00f6nnen sie mit R\u00f6hren miteinander verbunden werden. Entlang ihrer L\u00e4nge sind sie mit L\u00f6chern versehen.<\/li>\n<\/ul>\n<\/div>\n<\/div>\n\n\n\n<div class=\"wp-block-columns is-layout-flex wp-container-core-columns-is-layout-9d6595d7 wp-block-columns-is-layout-flex\">\n<div class=\"wp-block-column is-layout-flow wp-block-column-is-layout-flow\">\n<hr class=\"wp-block-separator has-alpha-channel-opacity is-style-wide\"\/>\n<\/div>\n<\/div>\n\n\n\n<p><sub><em>Es ist m\u00f6glich, dass die Farbe der Bilder vom tats\u00e4chlichen Zustand der verschiedenen fotografischen Hilfsmittel abweicht.<\/em><\/sub><\/p>","protected":false},"excerpt":{"rendered":"<p>Vinogradni\u0161ki steber z roko je iz litega betona. Mo\u017eno je, da slike barvno odstopajo od dejanskega stanja razli\u010dnih pripomo\u010dkov fotografiranja.<\/p>","protected":false},"author":1,"featured_media":0,"parent":0,"menu_order":0,"comment_status":"closed","ping_status":"closed","template":"","meta":{"footnotes":""},"class_list":["post-252","page","type-page","status-publish","hentry"],"_links":{"self":[{"href":"https:\/\/rogac-gradnje.si\/de\/wp-json\/wp\/v2\/pages\/252","targetHints":{"allow":["GET"]}}],"collection":[{"href":"https:\/\/rogac-gradnje.si\/de\/wp-json\/wp\/v2\/pages"}],"about":[{"href":"https:\/\/rogac-gradnje.si\/de\/wp-json\/wp\/v2\/types\/page"}],"author":[{"embeddable":true,"href":"https:\/\/rogac-gradnje.si\/de\/wp-json\/wp\/v2\/users\/1"}],"replies":[{"embeddable":true,"href":"https:\/\/rogac-gradnje.si\/de\/wp-json\/wp\/v2\/comments?post=252"}],"version-history":[{"count":12,"href":"https:\/\/rogac-gradnje.si\/de\/wp-json\/wp\/v2\/pages\/252\/revisions"}],"predecessor-version":[{"id":697,"href":"https:\/\/rogac-gradnje.si\/de\/wp-json\/wp\/v2\/pages\/252\/revisions\/697"}],"wp:attachment":[{"href":"https:\/\/rogac-gradnje.si\/de\/wp-json\/wp\/v2\/media?parent=252"}],"curies":[{"name":"wp","href":"https:\/\/api.w.org\/{rel}","templated":true}]}}