{"id":249,"date":"2024-10-17T18:15:03","date_gmt":"2024-10-17T18:15:03","guid":{"rendered":"https:\/\/rogac-gradnje.si\/?page_id=249"},"modified":"2024-12-10T17:12:04","modified_gmt":"2024-12-10T17:12:04","slug":"prednapeti-betonski-stebricki","status":"publish","type":"page","link":"https:\/\/rogac-gradnje.si\/de\/prednapeti-betonski-stebricki\/","title":{"rendered":"VORGESPANNTE BETONPF\u00d6STEN\u00a0"},"content":{"rendered":"<div class=\"wp-block-columns is-layout-flex wp-container-core-columns-is-layout-9d6595d7 wp-block-columns-is-layout-flex\">\n<div class=\"wp-block-column is-layout-flow wp-block-column-is-layout-flow\" style=\"flex-basis:33.33%\">\n<figure data-wp-context=\"{&quot;imageId&quot;:&quot;69e517f5be769&quot;}\" data-wp-interactive=\"core\/image\" data-wp-key=\"69e517f5be769\" class=\"wp-block-image size-large wp-lightbox-container\"><img fetchpriority=\"high\" decoding=\"async\" width=\"446\" height=\"1024\" data-wp-class--hide=\"state.isContentHidden\" data-wp-class--show=\"state.isContentVisible\" data-wp-init=\"callbacks.setButtonStyles\" data-wp-on--click=\"actions.showLightbox\" data-wp-on--load=\"callbacks.setButtonStyles\" data-wp-on-window--resize=\"callbacks.setButtonStyles\" src=\"https:\/\/rogac-gradnje.si\/wp-content\/uploads\/2024\/12\/steber_za_brajde_z_nastavkom_2-446x1024.png\" alt=\"\" class=\"wp-image-641\" srcset=\"https:\/\/rogac-gradnje.si\/wp-content\/uploads\/2024\/12\/steber_za_brajde_z_nastavkom_2-446x1024.png 446w, https:\/\/rogac-gradnje.si\/wp-content\/uploads\/2024\/12\/steber_za_brajde_z_nastavkom_2-131x300.png 131w, https:\/\/rogac-gradnje.si\/wp-content\/uploads\/2024\/12\/steber_za_brajde_z_nastavkom_2-768x1764.png 768w, https:\/\/rogac-gradnje.si\/wp-content\/uploads\/2024\/12\/steber_za_brajde_z_nastavkom_2-669x1536.png 669w, https:\/\/rogac-gradnje.si\/wp-content\/uploads\/2024\/12\/steber_za_brajde_z_nastavkom_2-892x2048.png 892w, https:\/\/rogac-gradnje.si\/wp-content\/uploads\/2024\/12\/steber_za_brajde_z_nastavkom_2-5x12.png 5w, https:\/\/rogac-gradnje.si\/wp-content\/uploads\/2024\/12\/steber_za_brajde_z_nastavkom_2.png 1000w\" sizes=\"(max-width: 446px) 100vw, 446px\" \/><button\n\t\t\tclass=\"lightbox-trigger\"\n\t\t\ttype=\"button\"\n\t\t\taria-haspopup=\"dialog\"\n\t\t\taria-label=\"Vergr\u00f6\u00dfern\"\n\t\t\tdata-wp-init=\"callbacks.initTriggerButton\"\n\t\t\tdata-wp-on--click=\"actions.showLightbox\"\n\t\t\tdata-wp-style--right=\"state.imageButtonRight\"\n\t\t\tdata-wp-style--top=\"state.imageButtonTop\"\n\t\t>\n\t\t\t<svg xmlns=\"http:\/\/www.w3.org\/2000\/svg\" width=\"12\" height=\"12\" fill=\"none\" viewbox=\"0 0 12 12\">\n\t\t\t\t<path fill=\"#fff\" d=\"M2 0a2 2 0 0 0-2 2v2h1.5V2a.5.5 0 0 1 .5-.5h2V0H2Zm2 10.5H2a.5.5 0 0 1-.5-.5V8H0v2a2 2 0 0 0 2 2h2v-1.5ZM8 12v-1.5h2a.5.5 0 0 0 .5-.5V8H12v2a2 2 0 0 1-2 2H8Zm2-12a2 2 0 0 1 2 2v2h-1.5V2a.5.5 0 0 0-.5-.5H8V0h2Z\" \/>\n\t\t\t<\/svg>\n\t\t<\/button><\/figure>\n<\/div>\n\n\n\n<div class=\"wp-block-column is-layout-flow wp-block-column-is-layout-flow\" style=\"flex-basis:66.66%\">\n<p><strong>Betonpf\u00f6sten f\u00fcr Pergolen mit Aufsatz<\/strong><\/p>\n\n\n\n<ul class=\"wp-block-list\">\n<li>Die Pf\u00f6sten f\u00fcr die Pergolen mit Aufsatz werden aus vorgespanntem Beton gefertigt.<\/li>\n\n\n\n<li>Abmessungen der Pf\u00f6sten:\n<ul class=\"wp-block-list\">\n<li>8 x 8 x 280 cm.<\/li>\n\n\n\n<li>8 x 8 x 350 cm<\/li>\n<\/ul>\n<\/li>\n\n\n\n<li>Oben am Pfosten befindet sich ein Aufsatz aus Eisen. Sie haben auch L\u00f6cher f\u00fcr Draht. <\/li>\n\n\n\n<li>Die Bewehrung im Pfosten: 4 Litzen (eine in jeder Ecke), Abmessungen 2 x 2,5 mm.<\/li>\n\n\n\n<li>Wir empfehlen, die Pf\u00f6sten ca. 70 cm tief in den Boden einzusetzen und sie in einem Abstand von ca. 3,00 m aufzustellen. Sie k\u00f6nnen mit R\u00f6hren miteinander verbunden werden.<\/li>\n<\/ul>\n<\/div>\n<\/div>\n\n\n\n<div class=\"wp-block-columns is-layout-flex wp-container-core-columns-is-layout-9d6595d7 wp-block-columns-is-layout-flex\">\n<div class=\"wp-block-column is-layout-flow wp-block-column-is-layout-flow\">\n<hr class=\"wp-block-separator has-alpha-channel-opacity is-style-wide\"\/>\n<\/div>\n<\/div>\n\n\n\n<div class=\"wp-block-columns is-layout-flex wp-container-core-columns-is-layout-9d6595d7 wp-block-columns-is-layout-flex\">\n<div class=\"wp-block-column is-layout-flow wp-block-column-is-layout-flow\" style=\"flex-basis:33.33%\">\n<figure data-wp-context=\"{&quot;imageId&quot;:&quot;69e517f5c0b21&quot;}\" data-wp-interactive=\"core\/image\" data-wp-key=\"69e517f5c0b21\" class=\"wp-block-image size-large is-resized wp-lightbox-container\"><img decoding=\"async\" width=\"577\" height=\"1024\" data-wp-class--hide=\"state.isContentHidden\" data-wp-class--show=\"state.isContentVisible\" data-wp-init=\"callbacks.setButtonStyles\" data-wp-on--click=\"actions.showLightbox\" data-wp-on--load=\"callbacks.setButtonStyles\" data-wp-on-window--resize=\"callbacks.setButtonStyles\" src=\"https:\/\/rogac-gradnje.si\/wp-content\/uploads\/2024\/11\/vinogradniski_steber_1-577x1024.png\" alt=\"\" class=\"wp-image-281\" style=\"width:267px;height:auto\" srcset=\"https:\/\/rogac-gradnje.si\/wp-content\/uploads\/2024\/11\/vinogradniski_steber_1-577x1024.png 577w, https:\/\/rogac-gradnje.si\/wp-content\/uploads\/2024\/11\/vinogradniski_steber_1-169x300.png 169w, https:\/\/rogac-gradnje.si\/wp-content\/uploads\/2024\/11\/vinogradniski_steber_1-768x1364.png 768w, https:\/\/rogac-gradnje.si\/wp-content\/uploads\/2024\/11\/vinogradniski_steber_1-865x1536.png 865w, https:\/\/rogac-gradnje.si\/wp-content\/uploads\/2024\/11\/vinogradniski_steber_1-7x12.png 7w, https:\/\/rogac-gradnje.si\/wp-content\/uploads\/2024\/11\/vinogradniski_steber_1.png 1000w\" sizes=\"(max-width: 577px) 100vw, 577px\" \/><button\n\t\t\tclass=\"lightbox-trigger\"\n\t\t\ttype=\"button\"\n\t\t\taria-haspopup=\"dialog\"\n\t\t\taria-label=\"Vergr\u00f6\u00dfern\"\n\t\t\tdata-wp-init=\"callbacks.initTriggerButton\"\n\t\t\tdata-wp-on--click=\"actions.showLightbox\"\n\t\t\tdata-wp-style--right=\"state.imageButtonRight\"\n\t\t\tdata-wp-style--top=\"state.imageButtonTop\"\n\t\t>\n\t\t\t<svg xmlns=\"http:\/\/www.w3.org\/2000\/svg\" width=\"12\" height=\"12\" fill=\"none\" viewbox=\"0 0 12 12\">\n\t\t\t\t<path fill=\"#fff\" d=\"M2 0a2 2 0 0 0-2 2v2h1.5V2a.5.5 0 0 1 .5-.5h2V0H2Zm2 10.5H2a.5.5 0 0 1-.5-.5V8H0v2a2 2 0 0 0 2 2h2v-1.5ZM8 12v-1.5h2a.5.5 0 0 0 .5-.5V8H12v2a2 2 0 0 1-2 2H8Zm2-12a2 2 0 0 1 2 2v2h-1.5V2a.5.5 0 0 0-.5-.5H8V0h2Z\" \/>\n\t\t\t<\/svg>\n\t\t<\/button><\/figure>\n<\/div>\n\n\n\n<div class=\"wp-block-column is-layout-flow wp-block-column-is-layout-flow\" style=\"flex-basis:66.66%\">\n<p><strong>Weinbergpfahl<\/strong><\/p>\n\n\n\n<ul class=\"wp-block-list\">\n<li>Weinbergpf\u00e4hle aus vorgespanntem Beton.<\/li>\n\n\n\n<li>Pfahlabmessungen 8 x 8 x 280 cm (Endpfahl) und 6 x 6 x 280 cm (Zwischenpfahl). <\/li>\n\n\n\n<li>Die Pf\u00e4hle haben L\u00f6cher f\u00fcr Dr\u00e4hte. <\/li>\n\n\n\n<li>Im Pfahl befinden sich 4 Litzen (1 in jeder Ecke) mit den Abmessungen 2 x 2,5 mm.<\/li>\n\n\n\n<li>Die Zwischenpf\u00e4hle werden in einem Abstand von 3,5 m im Weinberg aufgestellt.<\/li>\n<\/ul>\n<\/div>\n<\/div>\n\n\n\n<div class=\"wp-block-columns is-layout-flex wp-container-core-columns-is-layout-9d6595d7 wp-block-columns-is-layout-flex\">\n<div class=\"wp-block-column is-layout-flow wp-block-column-is-layout-flow\">\n<hr class=\"wp-block-separator has-alpha-channel-opacity is-style-wide\"\/>\n<\/div>\n<\/div>\n\n\n\n<div class=\"wp-block-columns is-layout-flex wp-container-core-columns-is-layout-9d6595d7 wp-block-columns-is-layout-flex\">\n<div class=\"wp-block-column is-layout-flow wp-block-column-is-layout-flow\" style=\"flex-basis:33.33%\">\n<figure data-wp-context=\"{&quot;imageId&quot;:&quot;69e517f5c1f0d&quot;}\" data-wp-interactive=\"core\/image\" data-wp-key=\"69e517f5c1f0d\" class=\"wp-block-image size-large wp-lightbox-container\"><img decoding=\"async\" width=\"577\" height=\"1024\" data-wp-class--hide=\"state.isContentHidden\" data-wp-class--show=\"state.isContentVisible\" data-wp-init=\"callbacks.setButtonStyles\" data-wp-on--click=\"actions.showLightbox\" data-wp-on--load=\"callbacks.setButtonStyles\" data-wp-on-window--resize=\"callbacks.setButtonStyles\" src=\"https:\/\/rogac-gradnje.si\/wp-content\/uploads\/2024\/11\/steber_za_ograje_1-577x1024.png\" alt=\"\" class=\"wp-image-289\" srcset=\"https:\/\/rogac-gradnje.si\/wp-content\/uploads\/2024\/11\/steber_za_ograje_1-577x1024.png 577w, https:\/\/rogac-gradnje.si\/wp-content\/uploads\/2024\/11\/steber_za_ograje_1-169x300.png 169w, https:\/\/rogac-gradnje.si\/wp-content\/uploads\/2024\/11\/steber_za_ograje_1-768x1364.png 768w, https:\/\/rogac-gradnje.si\/wp-content\/uploads\/2024\/11\/steber_za_ograje_1-865x1536.png 865w, https:\/\/rogac-gradnje.si\/wp-content\/uploads\/2024\/11\/steber_za_ograje_1-7x12.png 7w, https:\/\/rogac-gradnje.si\/wp-content\/uploads\/2024\/11\/steber_za_ograje_1.png 1000w\" sizes=\"(max-width: 577px) 100vw, 577px\" \/><button\n\t\t\tclass=\"lightbox-trigger\"\n\t\t\ttype=\"button\"\n\t\t\taria-haspopup=\"dialog\"\n\t\t\taria-label=\"Vergr\u00f6\u00dfern\"\n\t\t\tdata-wp-init=\"callbacks.initTriggerButton\"\n\t\t\tdata-wp-on--click=\"actions.showLightbox\"\n\t\t\tdata-wp-style--right=\"state.imageButtonRight\"\n\t\t\tdata-wp-style--top=\"state.imageButtonTop\"\n\t\t>\n\t\t\t<svg xmlns=\"http:\/\/www.w3.org\/2000\/svg\" width=\"12\" height=\"12\" fill=\"none\" viewbox=\"0 0 12 12\">\n\t\t\t\t<path fill=\"#fff\" d=\"M2 0a2 2 0 0 0-2 2v2h1.5V2a.5.5 0 0 1 .5-.5h2V0H2Zm2 10.5H2a.5.5 0 0 1-.5-.5V8H0v2a2 2 0 0 0 2 2h2v-1.5ZM8 12v-1.5h2a.5.5 0 0 0 .5-.5V8H12v2a2 2 0 0 1-2 2H8Zm2-12a2 2 0 0 1 2 2v2h-1.5V2a.5.5 0 0 0-.5-.5H8V0h2Z\" \/>\n\t\t\t<\/svg>\n\t\t<\/button><\/figure>\n<\/div>\n\n\n\n<div class=\"wp-block-column is-layout-flow wp-block-column-is-layout-flow\" style=\"flex-basis:66.66%\">\n<p><strong>Zaunpfosten - Maschendraht<\/strong><\/p>\n\n\n\n<ul class=\"wp-block-list\">\n<li>Zaunpfosten f\u00fcr Maschendraht (Netz) 1,25 m oder 1,00 m hoch, aus vorgespanntem Beton.<\/li>\n\n\n\n<li>Die Abmessungen des Pfostens betragen 8 x 8 x 185 cm. <\/li>\n\n\n\n<li>Der Pfosten hat \u00d6sen, durch die der Draht gezogen werden kann.<\/li>\n<\/ul>\n<\/div>\n<\/div>\n\n\n\n<div class=\"wp-block-columns is-layout-flex wp-container-core-columns-is-layout-9d6595d7 wp-block-columns-is-layout-flex\">\n<div class=\"wp-block-column is-layout-flow wp-block-column-is-layout-flow\">\n<hr class=\"wp-block-separator has-alpha-channel-opacity is-style-wide\"\/>\n<\/div>\n<\/div>\n\n\n\n<p><em><sub>Es ist m\u00f6glich, dass die Farbe der Bilder vom tats\u00e4chlichen Zustand der verschiedenen fotografischen Hilfsmittel abweicht.<\/sub><\/em><\/p>","protected":false},"excerpt":{"rendered":"<p>Betonski stebri za brajdo z nastavkom Vinogradni\u0161ki steber Steber za ograje &#8211; pletivo Mo\u017eno je, da slike barvno odstopajo od dejanskega stanja razli\u010dnih pripomo\u010dkov fotografiranja.<\/p>","protected":false},"author":1,"featured_media":0,"parent":0,"menu_order":0,"comment_status":"closed","ping_status":"closed","template":"","meta":{"footnotes":""},"class_list":["post-249","page","type-page","status-publish","hentry"],"_links":{"self":[{"href":"https:\/\/rogac-gradnje.si\/de\/wp-json\/wp\/v2\/pages\/249","targetHints":{"allow":["GET"]}}],"collection":[{"href":"https:\/\/rogac-gradnje.si\/de\/wp-json\/wp\/v2\/pages"}],"about":[{"href":"https:\/\/rogac-gradnje.si\/de\/wp-json\/wp\/v2\/types\/page"}],"author":[{"embeddable":true,"href":"https:\/\/rogac-gradnje.si\/de\/wp-json\/wp\/v2\/users\/1"}],"replies":[{"embeddable":true,"href":"https:\/\/rogac-gradnje.si\/de\/wp-json\/wp\/v2\/comments?post=249"}],"version-history":[{"count":19,"href":"https:\/\/rogac-gradnje.si\/de\/wp-json\/wp\/v2\/pages\/249\/revisions"}],"predecessor-version":[{"id":642,"href":"https:\/\/rogac-gradnje.si\/de\/wp-json\/wp\/v2\/pages\/249\/revisions\/642"}],"wp:attachment":[{"href":"https:\/\/rogac-gradnje.si\/de\/wp-json\/wp\/v2\/media?parent=249"}],"curies":[{"name":"wp","href":"https:\/\/api.w.org\/{rel}","templated":true}]}}