{"id":17,"date":"2024-08-29T13:50:57","date_gmt":"2024-08-29T13:50:57","guid":{"rendered":"https:\/\/rogac-gradnje.si\/?page_id=17"},"modified":"2026-02-16T14:56:59","modified_gmt":"2026-02-16T14:56:59","slug":"kontakt","status":"publish","type":"page","link":"https:\/\/rogac-gradnje.si\/de\/kontakt\/","title":{"rendered":"Kontakt"},"content":{"rendered":"<div class=\"wp-block-columns alignfull is-layout-flex wp-container-core-columns-is-layout-9d6595d7 wp-block-columns-is-layout-flex\">\n<div class=\"wp-block-column is-layout-flow wp-block-column-is-layout-flow\">\n<div style=\"width: 100%\">\n    <iframe width=\"100%\" height=\"400\" frameborder=\"0\" scrolling=\"no\" marginheight=\"0\" marginwidth=\"0\" \n    src=\"https:\/\/www.google.com\/maps\/embed?pb=!1m18!1m12!1m3!1d287.8345871589661!2d16.019894393385226!3d46.65916283736709!2m3!1f0!2f0!3f0!3m2!1i1024!2i768!4f13.1!3m3!1m2!1s0x476f14eefd3ee66f%3A0x98478e280c314aab!2sMele%2012%2C%209252%20Radenci%2C%20Slovenija!5e0!3m2!1ssl!2sat!4v1724942078542!5m2!1ssl!2sat\" \n    style=\"border:0;\" allowfullscreen=\"\" loading=\"lazy\" referrerpolicy=\"no-referrer-when-downgrade\"><\/iframe>\n<\/div>\n\n\n\n<p><\/p>\n<\/div>\n<\/div>\n\n\n\n<div class=\"wp-block-columns container is-layout-flex wp-container-core-columns-is-layout-9d6595d7 wp-block-columns-is-layout-flex\">\n<div class=\"wp-block-column is-vertically-aligned-center is-layout-flow wp-block-column-is-layout-flow\">\n<div class=\"wp-block-columns is-layout-flex wp-container-core-columns-is-layout-9d6595d7 wp-block-columns-is-layout-flex\">\n<div class=\"wp-block-column is-layout-flow wp-block-column-is-layout-flow\"><div class=\"wpforms-container wpforms-container-full wpforms-block wpforms-block-5ea560b1-e30e-41b3-898a-d4c47b82f0b2\" id=\"wpforms-114\"><form id=\"wpforms-form-114\" class=\"wpforms-validate wpforms-form wpforms-ajax-form\" data-formid=\"114\" method=\"post\" enctype=\"multipart\/form-data\" action=\"\/de\/wp-json\/wp\/v2\/pages\/17\" data-token=\"cfc6eeeef8968be4b37dd49181842ef2\" data-token-time=\"1776621503\" data-trp-original-action=\"\/de\/wp-json\/wp\/v2\/pages\/17\"><noscript class=\"wpforms-error-noscript\">Please enable JavaScript in your browser to complete this form.<\/noscript><div class=\"wpforms-field-container\"><div id=\"wpforms-114-field_1-container\" class=\"wpforms-field wpforms-field-name\" data-field-id=\"1\"><label class=\"wpforms-field-label\" for=\"wpforms-114-field_1\">Vorname und Nachname <span class=\"wpforms-required-label\">*<\/span><\/label><input type=\"text\" id=\"wpforms-114-field_1\" class=\"wpforms-field-medium wpforms-field-required\" name=\"wpforms[fields][1]\" required><\/div><div id=\"wpforms-114-field_2-container\" class=\"wpforms-field wpforms-field-email\" data-field-id=\"2\"><label class=\"wpforms-field-label\" for=\"wpforms-114-field_2\">E-Mail Adresse <span class=\"wpforms-required-label\">*<\/span><\/label><input type=\"email\" id=\"wpforms-114-field_2\" class=\"wpforms-field-medium wpforms-field-required\" name=\"wpforms[fields][2]\" spellcheck=\"false\" required><\/div><div id=\"wpforms-114-field_3-container\" class=\"wpforms-field wpforms-field-textarea\" data-field-id=\"3\"><label class=\"wpforms-field-label\" for=\"wpforms-114-field_3\">Nachricht <span class=\"wpforms-required-label\">*<\/span><\/label><textarea id=\"wpforms-114-field_3\" class=\"wpforms-field-medium wpforms-field-required\" name=\"wpforms[fields][3]\" required><\/textarea><\/div><\/div><!-- .wpforms-field-container --><div class=\"wpforms-submit-container\" ><input type=\"hidden\" name=\"wpforms[id]\" value=\"114\"><input type=\"hidden\" name=\"page_title\" value=\"\"><input type=\"hidden\" name=\"page_url\" value=\"https:\/\/rogac-gradnje.si\/de\/wp-json\/wp\/v2\/pages\/17\"><input type=\"hidden\" name=\"url_referer\" value=\"\"><button type=\"submit\" name=\"wpforms[submit]\" id=\"wpforms-submit-114\" class=\"wpforms-submit\" data-alt-text=\"Sending...\" data-submit-text=\"Po\u0161lji\" aria-live=\"assertive\" value=\"wpforms-submit\">Senden an<\/button><img decoding=\"async\" src=\"https:\/\/rogac-gradnje.si\/wp-content\/plugins\/wpforms-lite\/assets\/images\/submit-spin.svg\" class=\"wpforms-submit-spinner\" style=\"display: none;\" width=\"26\" height=\"26\" alt=\"Loading\"><\/div><input type=\"hidden\" name=\"trp-form-language\" value=\"de\"\/><\/form><\/div>  <!-- .wpforms-container --><\/div>\n\n\n\n<div class=\"wp-block-column is-layout-flow wp-block-column-is-layout-flow\" style=\"flex-basis:50%\">\n<h4 class=\"wp-block-heading has-text-align-left hestia-title has-text-color\" style=\"color:#3c4858;font-size:18px\"><i class=\"fas fa-map\" style=\"font-size:24px;color:#88ccec\"><\/i>\n <strong><strong>Wo Sie uns finden<\/strong><\/strong><\/h4>\n\n\n\n<p class=\"has-text-align-left has-text-color\" style=\"color:#999999;font-size:14px\"><span style=\"color: black; font-size: larger;\"><strong>Mele 12<\/strong><\/span><br><span style=\"color: black; font-size: larger;\"><strong>9252, Radenci<\/strong><\/span> <br><span style=\"color: black; font-size: larger;\"><strong>Slowenien<\/strong><\/span><\/p>\n\n\n\n<div class=\"wp-block-columns is-layout-flex wp-container-core-columns-is-layout-9d6595d7 wp-block-columns-is-layout-flex\">\n<div class=\"wp-block-column is-layout-flow wp-block-column-is-layout-flow\"><\/div>\n<\/div>\n\n\n\n<h4 class=\"wp-block-heading has-text-align-left hestia-title has-text-color\" style=\"color:#3c4858;font-size:18px\"><i class=\"fas fa-phone\" style=\"font-size:24px;color:#88ccec\"><\/i>\n <strong><strong>Telefon<\/strong><\/strong><\/h4>\n\n\n\n<p class=\"has-text-align-left has-text-color\" style=\"color:#999999;font-size:14px\"><span style=\"color: black; font-size: larger;\"><strong>02\/562 13 92<\/strong><\/span> <br><span style=\"color: black; font-size: larger;\"><strong>031\/204 856<\/strong><\/span><\/p>\n\n\n\n<div class=\"wp-block-columns is-layout-flex wp-container-core-columns-is-layout-9d6595d7 wp-block-columns-is-layout-flex\">\n<div class=\"wp-block-column is-layout-flow wp-block-column-is-layout-flow\"><\/div>\n<\/div>\n\n\n\n<h4 class=\"wp-block-heading has-text-align-left hestia-title has-text-color\" style=\"color:#3c4858;font-size:18px\"><i class=\"fa fa-envelope\" style=\"font-size:24px;color:#88ccec\"><\/i>\n <strong><strong>Email<\/strong><\/strong><\/h4>\n\n\n\n<p class=\"has-text-align-left has-text-color\" style=\"color:#999999;font-size:14px\"><span style=\"color: black; font-size: larger;\"><strong>lara.rogac@gmail.com<\/strong><\/span><\/p>\n\n\n\n<div class=\"wp-block-columns is-layout-flex wp-container-core-columns-is-layout-9d6595d7 wp-block-columns-is-layout-flex\">\n<div class=\"wp-block-column is-layout-flow wp-block-column-is-layout-flow\"><\/div>\n<\/div>\n\n\n\n<h4 class=\"wp-block-heading has-text-align-left hestia-title has-text-color\" style=\"color:#3c4858;font-size:18px\"><i class=\"fas fa-briefcase\" style=\"font-size:24px;color:#88ccec\"><\/i>\n <strong><strong>Informationen zum Unternehmen<\/strong><\/strong><\/h4>\n\n\n\n<p class=\"has-text-align-left has-text-color\" style=\"color:#999999;font-size:14px\"><span style=\"color: black; font-size: larger;\"><strong>Roga\u010d Gradnje d.o.o.<\/strong><\/span> <br><span style=\"color: black; font-size: larger;\"><strong>Steuernummer: SI84768592<\/strong><\/span> <br><span style=\"color: black; font-size: larger;\"><strong>Zulassungsnummer: 2131889000<\/strong><\/span><\/p>\n\n\n\n<div class=\"wp-block-columns is-layout-flex wp-container-core-columns-is-layout-9d6595d7 wp-block-columns-is-layout-flex\">\n<div class=\"wp-block-column is-layout-flow wp-block-column-is-layout-flow\"><\/div>\n<\/div>\n<\/div>\n<\/div>\n<\/div>\n<\/div>","protected":false},"excerpt":{"rendered":"<p>Kje nas najdete Mele 129252, Radenci Slovenija Telefon 02\/562 13 92 031\/204 856 Email lara.rogac@gmail.com Podatki o podjetju Roga\u010d Gradnje d.o.o. Dav\u010dna \u0161tevilka: SI84768592 Mati\u010dna \u0161tevilka: 2131889000<\/p>","protected":false},"author":1,"featured_media":9,"parent":0,"menu_order":0,"comment_status":"closed","ping_status":"closed","template":"page-templates\/template-pagebuilder-full-width.php","meta":{"footnotes":""},"class_list":["post-17","page","type-page","status-publish","has-post-thumbnail","hentry"],"_links":{"self":[{"href":"https:\/\/rogac-gradnje.si\/de\/wp-json\/wp\/v2\/pages\/17","targetHints":{"allow":["GET"]}}],"collection":[{"href":"https:\/\/rogac-gradnje.si\/de\/wp-json\/wp\/v2\/pages"}],"about":[{"href":"https:\/\/rogac-gradnje.si\/de\/wp-json\/wp\/v2\/types\/page"}],"author":[{"embeddable":true,"href":"https:\/\/rogac-gradnje.si\/de\/wp-json\/wp\/v2\/users\/1"}],"replies":[{"embeddable":true,"href":"https:\/\/rogac-gradnje.si\/de\/wp-json\/wp\/v2\/comments?post=17"}],"version-history":[{"count":35,"href":"https:\/\/rogac-gradnje.si\/de\/wp-json\/wp\/v2\/pages\/17\/revisions"}],"predecessor-version":[{"id":775,"href":"https:\/\/rogac-gradnje.si\/de\/wp-json\/wp\/v2\/pages\/17\/revisions\/775"}],"wp:featuredmedia":[{"embeddable":true,"href":"https:\/\/rogac-gradnje.si\/de\/wp-json\/wp\/v2\/media\/9"}],"wp:attachment":[{"href":"https:\/\/rogac-gradnje.si\/de\/wp-json\/wp\/v2\/media?parent=17"}],"curies":[{"name":"wp","href":"https:\/\/api.w.org\/{rel}","templated":true}]}}