{"id":16,"date":"2024-08-29T13:50:57","date_gmt":"2024-08-29T13:50:57","guid":{"rendered":"https:\/\/rogac-gradnje.si\/?page_id=16"},"modified":"2024-12-02T14:05:33","modified_gmt":"2024-12-02T14:05:33","slug":"domov","status":"publish","type":"page","link":"https:\/\/rogac-gradnje.si\/de\/","title":{"rendered":"Startseite"},"content":{"rendered":"<div class=\"wp-block-cover alignfull is-light hestia-clear-top-padding\"><span aria-hidden=\"true\" class=\"wp-block-cover__background has-white-background-color has-background-dim-100 has-background-dim\"><\/span><div class=\"wp-block-cover__inner-container is-layout-flow wp-block-cover-is-layout-flow\">\n<h2 class=\"wp-block-heading has-text-align-center has-text-color\" style=\"color:#3c4858\">\u00dcber uns<\/h2>\n\n\n\n<div class=\"wp-block-columns container is-layout-flex wp-container-core-columns-is-layout-9d6595d7 wp-block-columns-is-layout-flex\">\n<div class=\"wp-block-column is-layout-flow wp-block-column-is-layout-flow\">\n<p>Wir sind ein Unternehmen, das bereits seit 29 Jahren auf dem Markt ist. Wir sind in der Herstellung von Betonprodukten f\u00fcr Ihr Zuhause t\u00e4tig. Wir produzieren eine breite Palette von Bordsteinen, Pf\u00f6sten, Gartenwegen, Kompostern, Abdeckungen f\u00fcr St\u00fctzmauern, Blumenk\u00e4sten, Treppen usw. Unser neuestes Produkt sind Zaunpf\u00f6sten aus Beton. Der Betonpfosten ist auf beiden Seiten glatt und oben abgerundet. Wir verpflichten uns zu fairen Grundprinzipien und h\u00f6chster Qualit\u00e4t bei allen unseren Produkten. Wir wollen eine enge Beziehung zu unseren Partnern haben. Unser Unternehmen befindet sich and er Adresse Mele 12, 9252 Radenci, neben dem Fluss Mur, und ist ca. 3 km vom Oberradkersburg in \u00d6sterreich entfernt.<\/p>\n<\/div>\n\n\n\n<div class=\"wp-block-column is-layout-flow wp-block-column-is-layout-flow\">\n<figure class=\"wp-block-image size-large\"><img fetchpriority=\"high\" decoding=\"async\" width=\"1024\" height=\"772\" src=\"https:\/\/rogac-gradnje.si\/wp-content\/uploads\/2024\/11\/2216097646713209173-1024x772.jpg\" alt=\"\" class=\"wp-image-356\" srcset=\"https:\/\/rogac-gradnje.si\/wp-content\/uploads\/2024\/11\/2216097646713209173-1024x772.jpg 1024w, https:\/\/rogac-gradnje.si\/wp-content\/uploads\/2024\/11\/2216097646713209173-300x226.jpg 300w, https:\/\/rogac-gradnje.si\/wp-content\/uploads\/2024\/11\/2216097646713209173-768x579.jpg 768w, https:\/\/rogac-gradnje.si\/wp-content\/uploads\/2024\/11\/2216097646713209173-1536x1158.jpg 1536w, https:\/\/rogac-gradnje.si\/wp-content\/uploads\/2024\/11\/2216097646713209173-16x12.jpg 16w, https:\/\/rogac-gradnje.si\/wp-content\/uploads\/2024\/11\/2216097646713209173.jpg 1600w\" sizes=\"(max-width: 1024px) 100vw, 1024px\" \/><\/figure>\n<\/div>\n<\/div>\n<\/div><\/div>","protected":false},"excerpt":{"rendered":"","protected":false},"author":1,"featured_media":0,"parent":0,"menu_order":0,"comment_status":"closed","ping_status":"closed","template":"","meta":{"footnotes":""},"class_list":["post-16","page","type-page","status-publish","hentry"],"_links":{"self":[{"href":"https:\/\/rogac-gradnje.si\/de\/wp-json\/wp\/v2\/pages\/16","targetHints":{"allow":["GET"]}}],"collection":[{"href":"https:\/\/rogac-gradnje.si\/de\/wp-json\/wp\/v2\/pages"}],"about":[{"href":"https:\/\/rogac-gradnje.si\/de\/wp-json\/wp\/v2\/types\/page"}],"author":[{"embeddable":true,"href":"https:\/\/rogac-gradnje.si\/de\/wp-json\/wp\/v2\/users\/1"}],"replies":[{"embeddable":true,"href":"https:\/\/rogac-gradnje.si\/de\/wp-json\/wp\/v2\/comments?post=16"}],"version-history":[{"count":21,"href":"https:\/\/rogac-gradnje.si\/de\/wp-json\/wp\/v2\/pages\/16\/revisions"}],"predecessor-version":[{"id":511,"href":"https:\/\/rogac-gradnje.si\/de\/wp-json\/wp\/v2\/pages\/16\/revisions\/511"}],"wp:attachment":[{"href":"https:\/\/rogac-gradnje.si\/de\/wp-json\/wp\/v2\/media?parent=16"}],"curies":[{"name":"wp","href":"https:\/\/api.w.org\/{rel}","templated":true}]}}